{"id":4,"date":"2024-02-12T02:48:08","date_gmt":"2024-02-12T01:48:08","guid":{"rendered":"https:\/\/ruedestadornes.tributux.net\/en\/?page_id=4"},"modified":"2024-02-12T21:29:24","modified_gmt":"2024-02-12T20:29:24","slug":"welcome-rue-des-tadornes","status":"publish","type":"page","link":"https:\/\/ruedestadornes.tributux.net\/en\/","title":{"rendered":"Welcome to Tadornes street, rue des Tadornes!"},"content":{"rendered":"\n<div class=\"wp-block-group\"><div class=\"wp-block-group__inner-container is-layout-constrained wp-block-group-is-layout-constrained\">\n<figure class=\"wp-block-image size-large\"><img decoding=\"async\" src=\"https:\/\/ruedestadornes.tributux.net\/wp-content\/uploads\/2024\/01\/home-1024x683.jpg\" alt=\"maison Bretagne entour\u00e9e de verdure \u00e0 la campagne\" class=\"wp-image-11\"\/><\/figure>\n<\/div><\/div>\n\n\n\n<div class=\"wp-block-group\"><div class=\"wp-block-group__inner-container is-layout-constrained wp-block-group-is-layout-constrained\">\n<blockquote class=\"wp-block-quote is-layout-flow wp-block-quote-is-layout-flow\" style=\"font-size:0px\">\n<p>A comfortable house to stay during your experience between Brittany and Nantes region.<\/p>\n<\/blockquote>\n<\/div><\/div>\n\n\n\n<div class=\"wp-block-group\"><div class=\"wp-block-group__inner-container is-layout-constrained wp-block-group-is-layout-constrained\">\n<p>Located in the Gu\u00e9rande region at the gates of Brittany, close to the beaches, our modern and practical house is surrounded by greenery within a quiet and family-friendly neighbourhood.<br>This house is ideal for your family or friends team with spacious living room\/dining and kitchen, all fully-equipped, two bathrooms, and separated toilets.<\/p>\n\n\n\n<p>The salt workers\u2019 village of Saint-Molf is located on the Gu\u00e9rande peninsula, within the Bri\u00e8re natural reserve and bordering the salt marshes of M\u00e8s.<br>Saint-Molf is fifteen minutes from La Baule, less than fifteen minutes from Gu\u00e9rande, a bit more than one hour from Nantes and less than one hour from Vannes and the Gulf of Morbihan in Brittany.<\/p>\n<\/div><\/div>\n","protected":false},"excerpt":{"rendered":"<p>A comfortable house to stay during your experience between Brittany and Nantes region. Located in the Gu\u00e9rande region at the gates of Brittany, close to the beaches, our modern and practical house is surrounded by greenery within a quiet and family-friendly neighbourhood.This house is ideal for your family or friends team with spacious living room\/dining &hellip; <a href=\"https:\/\/ruedestadornes.tributux.net\/en\/\" class=\"more-link\">Continue reading<span class=\"screen-reader-text\"> &#8220;Welcome to Tadornes street, rue des Tadornes!&#8221;<\/span><\/a><\/p>\n","protected":false},"author":1,"featured_media":0,"parent":0,"menu_order":0,"comment_status":"closed","ping_status":"closed","template":"template-front-page.php","meta":{"footnotes":""},"class_list":["post-4","page","type-page","status-publish","hentry"],"_links":{"self":[{"href":"https:\/\/ruedestadornes.tributux.net\/en\/wp-json\/wp\/v2\/pages\/4","targetHints":{"allow":["GET"]}}],"collection":[{"href":"https:\/\/ruedestadornes.tributux.net\/en\/wp-json\/wp\/v2\/pages"}],"about":[{"href":"https:\/\/ruedestadornes.tributux.net\/en\/wp-json\/wp\/v2\/types\/page"}],"author":[{"embeddable":true,"href":"https:\/\/ruedestadornes.tributux.net\/en\/wp-json\/wp\/v2\/users\/1"}],"replies":[{"embeddable":true,"href":"https:\/\/ruedestadornes.tributux.net\/en\/wp-json\/wp\/v2\/comments?post=4"}],"version-history":[{"count":5,"href":"https:\/\/ruedestadornes.tributux.net\/en\/wp-json\/wp\/v2\/pages\/4\/revisions"}],"predecessor-version":[{"id":18,"href":"https:\/\/ruedestadornes.tributux.net\/en\/wp-json\/wp\/v2\/pages\/4\/revisions\/18"}],"wp:attachment":[{"href":"https:\/\/ruedestadornes.tributux.net\/en\/wp-json\/wp\/v2\/media?parent=4"}],"curies":[{"name":"wp","href":"https:\/\/api.w.org\/{rel}","templated":true}]}}